{"id":483,"date":"2018-07-04T19:01:13","date_gmt":"2018-07-04T19:01:13","guid":{"rendered":"http:\/\/sd-915358-h00018.ferozo.net\/ammercedes\/?page_id=483"},"modified":"2020-07-23T18:17:12","modified_gmt":"2020-07-23T18:17:12","slug":"otras-practicas-y-servicios","status":"publish","type":"page","link":"https:\/\/cmgr.com.ar\/cmgr\/otras-practicas-y-servicios\/","title":{"rendered":"Otras pr\u00e1cticas y servicios"},"content":{"rendered":"<h3>Otras pr\u00e1cticas y servicios<\/h3>\n<p>Dirigirse a la oficina de Ioma de la localidad de Mercedes (B.A.) para <strong>odontolog\u00eda, Psicolog\u00eda, Audiolog\u00eda, Laboratorio, Farmacia, Material Descartable, Pr\u00f3tesis, Opticas, Reintegros.<\/strong><\/p>\n","protected":false},"excerpt":{"rendered":"<p>Otras pr\u00e1cticas y servicios Dirigirse a la oficina de Ioma de la localidad de Mercedes (B.A.) para odontolog\u00eda, Psicolog\u00eda, Audiolog\u00eda, Laboratorio, Farmacia, Material Descartable, Pr\u00f3tesis, Opticas, Reintegros.<\/p>\n","protected":false},"author":2,"featured_media":0,"parent":0,"menu_order":0,"comment_status":"closed","ping_status":"closed","template":"","meta":[],"_links":{"self":[{"href":"https:\/\/cmgr.com.ar\/cmgr\/wp-json\/wp\/v2\/pages\/483"}],"collection":[{"href":"https:\/\/cmgr.com.ar\/cmgr\/wp-json\/wp\/v2\/pages"}],"about":[{"href":"https:\/\/cmgr.com.ar\/cmgr\/wp-json\/wp\/v2\/types\/page"}],"author":[{"embeddable":true,"href":"https:\/\/cmgr.com.ar\/cmgr\/wp-json\/wp\/v2\/users\/2"}],"replies":[{"embeddable":true,"href":"https:\/\/cmgr.com.ar\/cmgr\/wp-json\/wp\/v2\/comments?post=483"}],"version-history":[{"count":1,"href":"https:\/\/cmgr.com.ar\/cmgr\/wp-json\/wp\/v2\/pages\/483\/revisions"}],"predecessor-version":[{"id":1097,"href":"https:\/\/cmgr.com.ar\/cmgr\/wp-json\/wp\/v2\/pages\/483\/revisions\/1097"}],"wp:attachment":[{"href":"https:\/\/cmgr.com.ar\/cmgr\/wp-json\/wp\/v2\/media?parent=483"}],"curies":[{"name":"wp","href":"https:\/\/api.w.org\/{rel}","templated":true}]}}